{"id":5147,"date":"2019-03-17T15:21:33","date_gmt":"2019-03-17T18:21:33","guid":{"rendered":"http:\/\/holdinginvestimentos.com\/?page_id=5147"},"modified":"2019-03-24T13:33:42","modified_gmt":"2019-03-24T16:33:42","slug":"holding-stars-2","status":"publish","type":"page","link":"http:\/\/holdingecology.com\/pt-br\/holding-stars-2\/","title":{"rendered":"HOLDING-STARS"},"content":{"rendered":"<p>[vc_row][vc_column][vc_empty_space height=&#8221;40px&#8221;][vc_column_text]<\/p>\n<h1 style=\"text-align: center;\"><b>Expos &amp; <\/b><b>Congresos<\/b><b> \u2013 Shows &amp; Eventos<\/b><\/h1>\n<p>[\/vc_column_text][vc_empty_space height=&#8221;40px&#8221;][vc_video link=&#8221;&#8221; align=&#8221;center&#8221;][vc_column_text]<img decoding=\"async\" class=\"wp-image-5149 size-medium alignright\" src=\"http:\/\/holdingecology.com\/wp-content\/uploads\/2019\/03\/Imagem2-300x126.png\" alt=\"\" width=\"300\" height=\"126\" srcset=\"http:\/\/holdingecology.com\/wp-content\/uploads\/2019\/03\/Imagem2-300x126.png 300w, http:\/\/holdingecology.com\/wp-content\/uploads\/2019\/03\/Imagem2-150x63.png 150w, http:\/\/holdingecology.com\/wp-content\/uploads\/2019\/03\/Imagem2-350x147.png 350w, http:\/\/holdingecology.com\/wp-content\/uploads\/2019\/03\/Imagem2.png 406w\" sizes=\"(max-width: 300px) 100vw, 300px\" \/><\/p>\n<p><b>HOLDING STARS<\/b>,&nbsp; es una empresa del Grupo <b>Holding S. S. Asesor\u00eda<\/b>, dedicada a Expos, Congresos, Ferias, Shows, Eventos y Catering. Tenemos m\u00e1s de 33 a\u00f1os de experiencia y un amplio network en todo el mundo.<\/p>\n<p>&nbsp;<\/p>\n<p>Te asesoramos&nbsp; y nos implicamos durante todo su evento para garantizar sus objetivos, que sea rentable y memorable. Estudiamos sus preferencias para que su participaci\u00f3n sea un \u00e9xito en cualquier exposici\u00f3n,&nbsp; promoviendo su marca en ferias comerciales celebradas en los cinco continentes.<\/p>\n<p>[\/vc_column_text][vc_empty_space height=&#8221;80px&#8221;][\/vc_column][\/vc_row][vc_row full_width=&#8221;stretch_row&#8221; css=&#8221;.vc_custom_1552846775424{background-color: #dd9933 !important;}&#8221;][vc_column][vc_empty_space height=&#8221;60px&#8221;][vc_column_text]<\/p>\n<h2 style=\"text-align: center;\"><b>Cu\u00e9ntanos tus sue\u00f1os y haremos lo imposible para que sean una realidad!<\/b><\/h2>\n<p>[\/vc_column_text][vc_empty_space height=&#8221;60px&#8221;][\/vc_column][\/vc_row][vc_row full_width=&#8221;stretch_row&#8221; css=&#8221;.vc_custom_1496957782049{background-image: url(http:\/\/holdingecology.com\/investimentos-imobiliarios\/wp-content\/uploads\/2016\/03\/section_site_holding_investimentos.jpg?id=3215) !important;}&#8221;][vc_column][vc_empty_space height=&#8221;50px&#8221;][vc_row_inner][vc_column_inner][vc_column_text]<b><img fetchpriority=\"high\" decoding=\"async\" class=\"size-medium wp-image-5154 alignleft\" src=\"http:\/\/holdingecology.com\/wp-content\/uploads\/2019\/03\/Imagem3-300x172.jpg\" alt=\"\" width=\"300\" height=\"172\" srcset=\"http:\/\/holdingecology.com\/wp-content\/uploads\/2019\/03\/Imagem3-300x172.jpg 300w, http:\/\/holdingecology.com\/wp-content\/uploads\/2019\/03\/Imagem3-150x86.jpg 150w, http:\/\/holdingecology.com\/wp-content\/uploads\/2019\/03\/Imagem3-350x201.jpg 350w, http:\/\/holdingecology.com\/wp-content\/uploads\/2019\/03\/Imagem3.jpg 378w\" sizes=\"(max-width: 300px) 100vw, 300px\" \/><\/b><\/p>\n<p>&nbsp;<\/p>\n<p><b>HOLDING STARS, <\/b>organiza la producci\u00f3n y contrataci\u00f3n de eventos de todo tipo y en todo el mundo, los mejores artistas nacionales y internacionales, as\u00ed como todo lo relacionado con el espect\u00e1culo y eventos corporativos, sociales, populares, religiosos, deportivos, culturales, empresariales, entre otros. Contamos con los mejores profesionales en el sector del entretenimiento.<\/p>\n<p>[\/vc_column_text][\/vc_column_inner][\/vc_row_inner][vc_empty_space height=&#8221;50px&#8221;][\/vc_column][\/vc_row][vc_row full_width=&#8221;stretch_row&#8221; css=&#8221;.vc_custom_1552847245892{background-color: #404297 !important;}&#8221;][vc_column][vc_empty_space height=&#8221;40px&#8221;][vc_column_text]<\/p>\n<h2 style=\"text-align: center;\"><b>TE AYUDAMOS A ENCONTRAR LA MEJOR SOLUCI\u00d3N&nbsp; PARA TU NEGOCIO<\/b><\/h2>\n<p>[\/vc_column_text][vc_empty_space height=&#8221;40px&#8221;][\/vc_column][\/vc_row][vc_row full_width=&#8221;stretch_row&#8221; css=&#8221;.vc_custom_1496957782049{background-image: url(http:\/\/holdingecology.com\/investimentos-imobiliarios\/wp-content\/uploads\/2016\/03\/section_site_holding_investimentos.jpg?id=3215) !important;}&#8221;][vc_column][vc_empty_space height=&#8221;40px&#8221;][vc_column_text]<img decoding=\"async\" class=\"wp-image-5117 size-full aligncenter\" src=\"http:\/\/holdingecology.com\/wp-content\/uploads\/2019\/03\/Mundo-Informacoes-2.jpg\" alt=\"\" width=\"555\" height=\"260\" srcset=\"http:\/\/holdingecology.com\/wp-content\/uploads\/2019\/03\/Mundo-Informacoes-2.jpg 555w, http:\/\/holdingecology.com\/wp-content\/uploads\/2019\/03\/Mundo-Informacoes-2-300x141.jpg 300w, http:\/\/holdingecology.com\/wp-content\/uploads\/2019\/03\/Mundo-Informacoes-2-150x70.jpg 150w, http:\/\/holdingecology.com\/wp-content\/uploads\/2019\/03\/Mundo-Informacoes-2-350x164.jpg 350w\" sizes=\"(max-width: 555px) 100vw, 555px\" \/>[\/vc_column_text][vc_column_text]<\/p>\n<h3><\/h3>\n<h4><\/h4>\n<p>[\/vc_column_text][vc_empty_space height=&#8221;40px&#8221;][\/vc_column][\/vc_row][vc_row full_width=&#8221;stretch_row&#8221; content_placement=&#8221;middle&#8221; parallax=&#8221;content-moving&#8221; parallax_image=&#8221;3267&#8243; css=&#8221;.vc_custom_1497035495065{padding-top: 40px !important;}&#8221;][vc_column][vc_empty_space height=&#8221;50px&#8221;][vc_column_text]<\/p>\n<h3 style=\"font-size: 36px; text-align: center;\"><span style=\"color: #4d4d4c;\">FEED DE NOT\u00cdCIAS<\/span><\/h3>\n<p>[\/vc_column_text][vc_empty_space height=&#8221;50px&#8221;][vc_row_inner][vc_column_inner width=&#8221;1\/3&#8243;][vc_column_text]<\/p>\n<h3 style=\"font-size: 26px;\"><span style=\"color: #4d4d4c;\">NOT\u00cdCIAS DE \u00daLTIMA HORA<\/span><\/h3>\n<p>[\/vc_column_text][vc_column_text css_animation=&#8221;none&#8221;]<\/p>\n<div><iframe src=\"https:\/\/feed.mikle.com\/widget\/v2\/32173\" width=\"300\" height=\"620\"><\/iframe><\/div>\n<p>[\/vc_column_text][vc_empty_space height=&#8221;60px&#8221;][\/vc_column_inner][vc_column_inner width=&#8221;1\/3&#8243;][vc_column_text]<\/p>\n<h3 style=\"font-size: 26px;\"><span style=\"color: #4d4d4c;\">NOT\u00cdCIAS INTERNACIONAIS<\/span><\/h3>\n<p>[\/vc_column_text][vc_column_text css_animation=&#8221;bottom-to-top&#8221;]<\/p>\n<div><iframe style=\"background-color: #ffffff;\" src=\"https:\/\/feed.mikle.com\/widget\/v2\/22467\" width=\"300\" height=\"620\"><\/iframe><\/div>\n<p>[\/vc_column_text][vc_empty_space height=&#8221;60px&#8221;][\/vc_column_inner][vc_column_inner width=&#8221;1\/3&#8243;][vc_column_text]<a href=\"http:\/\/holdingsa.com\/\" target=\"_blank\" rel=\"noopener noreferrer\"><img decoding=\"async\" class=\"aligncenter size-full wp-image-3253\" src=\"http:\/\/holdingecology.com\/wp-content\/uploads\/2017\/06\/logo_holding-sports.png\" alt=\"\" width=\"250\" srcset=\"http:\/\/holdingecology.com\/wp-content\/uploads\/2017\/06\/logo_holding-sports.png 300w, http:\/\/holdingecology.com\/wp-content\/uploads\/2017\/06\/logo_holding-sports-150x118.png 150w\" sizes=\"(max-width: 300px) 100vw, 300px\" \/><\/a>[\/vc_column_text][vc_column_text css_animation=&#8221;none&#8221;]<\/p>\n<div><iframe style=\"background-color: #ffffff;\" src=\"https:\/\/feed.mikle.com\/widget\/v2\/22283\/\" width=\"300\" height=\"440\"><\/iframe><\/div>\n<p>[\/vc_column_text][vc_empty_space height=&#8221;60px&#8221;][\/vc_column_inner][\/vc_row_inner][\/vc_column][\/vc_row]<\/p>\n","protected":false},"excerpt":{"rendered":"<p>[vc_row][vc_column][vc_empty_space height=&#8221;40px&#8221;][vc_column_text] Expos &amp; Congresos \u2013 Shows &amp; Eventos [\/vc_column_text][vc_empty_space height=&#8221;40px&#8221;][vc_video link=&#8221;&#8221; align=&#8221;center&#8221;][vc_column_text] HOLDING STARS,&nbsp; es una empresa del Grupo Holding S. S. Asesor\u00eda, dedicada a Expos, Congresos, Ferias, Shows, Eventos y Catering. Tenemos m\u00e1s de 33 a\u00f1os de experiencia y un amplio network en todo el mundo. &nbsp; Te asesoramos&nbsp; y nos implicamos durante [&hellip;]<\/p>\n","protected":false},"author":2,"featured_media":0,"parent":0,"menu_order":0,"comment_status":"closed","ping_status":"closed","template":"template\/template-homepage.php","meta":{"footnotes":""},"class_list":["post-5147","page","type-page","status-publish","hentry"],"_links":{"self":[{"href":"http:\/\/holdingecology.com\/pt-br\/wp-json\/wp\/v2\/pages\/5147\/"}],"collection":[{"href":"http:\/\/holdingecology.com\/pt-br\/wp-json\/wp\/v2\/pages\/"}],"about":[{"href":"http:\/\/holdingecology.com\/pt-br\/wp-json\/wp\/v2\/types\/page\/"}],"author":[{"embeddable":true,"href":"http:\/\/holdingecology.com\/pt-br\/wp-json\/wp\/v2\/users\/2\/"}],"replies":[{"embeddable":true,"href":"http:\/\/holdingecology.com\/pt-br\/wp-json\/wp\/v2\/comments\/?post=5147"}],"version-history":[{"count":8,"href":"http:\/\/holdingecology.com\/pt-br\/wp-json\/wp\/v2\/pages\/5147\/revisions\/"}],"predecessor-version":[{"id":5195,"href":"http:\/\/holdingecology.com\/pt-br\/wp-json\/wp\/v2\/pages\/5147\/revisions\/5195\/"}],"wp:attachment":[{"href":"http:\/\/holdingecology.com\/pt-br\/wp-json\/wp\/v2\/media\/?parent=5147"}],"curies":[{"name":"wp","href":"https:\/\/api.w.org\/{rel}","templated":true}]}}